{"id":270,"date":"2024-03-17T01:49:30","date_gmt":"2024-03-16T22:49:30","guid":{"rendered":"https:\/\/kesikkalem.com\/?page_id=270"},"modified":"2024-03-21T12:28:44","modified_gmt":"2024-03-21T09:28:44","slug":"hakkimda","status":"publish","type":"page","link":"https:\/\/kesikkalem.com\/index.php\/hakkimda\/","title":{"rendered":"Hakk\u0131mda"},"content":{"rendered":"\n<p>\u00a0Hem kitap ve dergi toplamas\u0131n\u0131 hem de okumas\u0131n\u0131 seviyorum. Zaman i\u00e7inde okuduklar\u0131m\u0131 payla\u015facak g\u00fczel bir yer oldu\u011fu i\u00e7in <a href=\"https:\/\/1000kitap.com\/akis\" target=\"_blank\" rel=\"noopener\" title=\"\">1000Kitap<\/a> sitesiyle yollar\u0131m\u0131z bir yerde \u00e7ak\u0131\u015ft\u0131. Okudu\u011fum kitaplar i\u00e7inde be\u011fendi\u011fim ya da payla\u015fmak istedi\u011fim yaz\u0131lar\u0131<strong> al\u0131nt\u0131<\/strong> \u015feklinde payla\u015fmay\u0131 da seviyorum. Ayr\u0131ca okunan kitap ya da derginin i\u00e7eri\u011fi; ne anlatt\u0131\u011f\u0131, sevilen ya da sevilmeyen k\u0131s\u0131mlar\u0131n\u0131 da <strong>inceleme<\/strong> ba\u015fl\u0131\u011f\u0131 alt\u0131nda payla\u015f\u0131yorum. Bu inceleme yaz\u0131lar\u0131nda salt &#8220;g\u00fczel, k\u00f6t\u00fc, s\u00fcper ya da olmam\u0131\u015f&#8221; gibi dar anlamlar yerine daha geni\u015f a\u00e7\u0131yla neresinin iyi, k\u00f6t\u00fc, s\u00fcper ya da olmam\u0131\u015f oldu\u011funu anlatmaya \u00e7al\u0131\u015f\u0131yorum. T\u00fcm payla\u015f\u0131mlar\u0131m buradan g\u00f6rebilirsiniz: <strong><a href=\"https:\/\/1000kitap.com\/aynabeyan\" target=\"_blank\" rel=\"noopener\" title=\"\">1000Kitap<\/a><\/strong><\/p>\n\n\n\n<p><a href=\"https:\/\/kesikkalem.com\/\" target=\"_blank\" rel=\"noopener\" title=\"\">kesikkalem<\/a> ise tamamen amat\u00f6r bir u\u011fra\u015fla yap\u0131lmaya \u00e7al\u0131\u015f\u0131lan bir yer. \u0130lerisi i\u00e7in daha g\u00fczel tasar\u0131m ve i\u00e7erikle dolaca\u011f\u0131na inan\u0131yorum. <\/p>\n\n\n\n<p>Ali K.  19\/3\/2024<\/p>\n","protected":false},"excerpt":{"rendered":"<p>\u00a0Hem kitap ve dergi toplamas\u0131n\u0131 hem de okumas\u0131n\u0131 seviyorum. Zaman i\u00e7inde okuduklar\u0131m\u0131 payla\u015facak g\u00fczel bir yer oldu\u011fu i\u00e7in 1000Kitap sitesiyle yollar\u0131m\u0131z bir yerde \u00e7ak\u0131\u015ft\u0131. Okudu\u011fum kitaplar i\u00e7inde be\u011fendi\u011fim ya da payla\u015fmak istedi\u011fim yaz\u0131lar\u0131 al\u0131nt\u0131 \u015feklinde payla\u015fmay\u0131 da seviyorum. Ayr\u0131ca okunan kitap ya da derginin i\u00e7eri\u011fi; ne anlatt\u0131\u011f\u0131, sevilen ya da sevilmeyen k\u0131s\u0131mlar\u0131n\u0131 da inceleme ba\u015fl\u0131\u011f\u0131&hellip;&nbsp;<a href=\"https:\/\/kesikkalem.com\/index.php\/hakkimda\/\" class=\"\" rel=\"bookmark\">Daha fazlas\u0131n\u0131 oku &raquo;<span class=\"screen-reader-text\">Hakk\u0131mda<\/span><\/a><\/p>\n","protected":false},"author":1,"featured_media":0,"parent":0,"menu_order":0,"comment_status":"closed","ping_status":"closed","template":"","meta":{"om_disable_all_campaigns":false,"_monsterinsights_skip_tracking":false,"_monsterinsights_sitenote_active":false,"_monsterinsights_sitenote_note":"","_monsterinsights_sitenote_category":0,"_uf_show_specific_survey":0,"_uf_disable_surveys":false,"neve_meta_sidebar":"","neve_meta_container":"","neve_meta_enable_content_width":"","neve_meta_content_width":0,"neve_meta_title_alignment":"","neve_meta_author_avatar":"","neve_post_elements_order":"","neve_meta_disable_header":"","neve_meta_disable_footer":"","neve_meta_disable_title":"","_ti_tpc_template_sync":false,"_ti_tpc_template_id":"","footnotes":""},"aioseo_notices":[],"_links":{"self":[{"href":"https:\/\/kesikkalem.com\/index.php\/wp-json\/wp\/v2\/pages\/270"}],"collection":[{"href":"https:\/\/kesikkalem.com\/index.php\/wp-json\/wp\/v2\/pages"}],"about":[{"href":"https:\/\/kesikkalem.com\/index.php\/wp-json\/wp\/v2\/types\/page"}],"author":[{"embeddable":true,"href":"https:\/\/kesikkalem.com\/index.php\/wp-json\/wp\/v2\/users\/1"}],"replies":[{"embeddable":true,"href":"https:\/\/kesikkalem.com\/index.php\/wp-json\/wp\/v2\/comments?post=270"}],"version-history":[{"count":6,"href":"https:\/\/kesikkalem.com\/index.php\/wp-json\/wp\/v2\/pages\/270\/revisions"}],"predecessor-version":[{"id":509,"href":"https:\/\/kesikkalem.com\/index.php\/wp-json\/wp\/v2\/pages\/270\/revisions\/509"}],"wp:attachment":[{"href":"https:\/\/kesikkalem.com\/index.php\/wp-json\/wp\/v2\/media?parent=270"}],"curies":[{"name":"wp","href":"https:\/\/api.w.org\/{rel}","templated":true}]}}