{"id":279,"date":"2024-03-17T01:55:28","date_gmt":"2024-03-16T22:55:28","guid":{"rendered":"https:\/\/kesikkalem.com\/?page_id=279"},"modified":"2026-01-02T23:56:52","modified_gmt":"2026-01-02T20:56:52","slug":"ceviriler","status":"publish","type":"page","link":"https:\/\/kesikkalem.com\/index.php\/ceviriler\/","title":{"rendered":"\u00c7eviriler"},"content":{"rendered":"\n<p><strong>B\u0130TEN \u00c7EV\u0130R\u0130LER<\/strong><\/p>\n\n\n\n<figure class=\"wp-block-image size-full\"><a href=\"https:\/\/kesikkalem.com\/index.php\/2025\/08\/17\/siyonist-ideoloji-ve-israil-gercegi-nahum-goldmann\/\" target=\"_blank\" rel=\"noreferrer noopener\"><img loading=\"lazy\" decoding=\"async\" width=\"513\" height=\"820\" src=\"https:\/\/kesikkalem.com\/wp-content\/uploads\/2026\/01\/nahum-goldman.jpg\" alt=\"\" class=\"wp-image-745\" srcset=\"https:\/\/kesikkalem.com\/wp-content\/uploads\/2026\/01\/nahum-goldman.jpg 513w, https:\/\/kesikkalem.com\/wp-content\/uploads\/2026\/01\/nahum-goldman-188x300.jpg 188w\" sizes=\"(max-width: 513px) 100vw, 513px\" \/><\/a><\/figure>\n\n\n\n<figure class=\"wp-block-image size-large is-resized\"><a href=\"https:\/\/kesikkalem.com\/index.php\/2025\/06\/02\/sickening\/\"><img loading=\"lazy\" decoding=\"async\" width=\"724\" height=\"1024\" src=\"https:\/\/kesikkalem.com\/wp-content\/uploads\/2025\/06\/SICKENING-5-724x1024.jpg\" alt=\"\" class=\"wp-image-710\" style=\"width:432px;height:auto\" srcset=\"https:\/\/kesikkalem.com\/wp-content\/uploads\/2025\/06\/SICKENING-5-724x1024.jpg 724w, https:\/\/kesikkalem.com\/wp-content\/uploads\/2025\/06\/SICKENING-5-212x300.jpg 212w, https:\/\/kesikkalem.com\/wp-content\/uploads\/2025\/06\/SICKENING-5-768x1087.jpg 768w, https:\/\/kesikkalem.com\/wp-content\/uploads\/2025\/06\/SICKENING-5-1086x1536.jpg 1086w, https:\/\/kesikkalem.com\/wp-content\/uploads\/2025\/06\/SICKENING-5.jpg 1169w\" sizes=\"(max-width: 724px) 100vw, 724px\" \/><\/a><\/figure>\n\n\n\n<p><\/p>\n\n\n\n<figure class=\"wp-block-image size-large is-resized\"><a href=\"https:\/\/kesikkalem.com\/index.php\/2025\/06\/02\/bilimi-takip-edin\/\"><img loading=\"lazy\" decoding=\"async\" width=\"791\" height=\"1024\" src=\"https:\/\/kesikkalem.com\/wp-content\/uploads\/2025\/06\/bilimi-takip-edin--791x1024.jpg\" alt=\"\" class=\"wp-image-692\" style=\"width:403px;height:auto\" srcset=\"https:\/\/kesikkalem.com\/wp-content\/uploads\/2025\/06\/bilimi-takip-edin--791x1024.jpg 791w, https:\/\/kesikkalem.com\/wp-content\/uploads\/2025\/06\/bilimi-takip-edin--232x300.jpg 232w, https:\/\/kesikkalem.com\/wp-content\/uploads\/2025\/06\/bilimi-takip-edin--768x994.jpg 768w, https:\/\/kesikkalem.com\/wp-content\/uploads\/2025\/06\/bilimi-takip-edin--1187x1536.jpg 1187w, https:\/\/kesikkalem.com\/wp-content\/uploads\/2025\/06\/bilimi-takip-edin-.jpg 1236w\" sizes=\"(max-width: 791px) 100vw, 791px\" \/><\/a><\/figure>\n\n\n\n<figure class=\"wp-block-image size-large is-resized\"><a href=\"https:\/\/1000kitap.com\/gonderi\/273866421?oku=1\" target=\"_blank\" rel=\"noreferrer noopener\"><img loading=\"lazy\" decoding=\"async\" width=\"791\" height=\"1024\" src=\"https:\/\/kesikkalem.com\/wp-content\/uploads\/2025\/06\/Kaput-1-791x1024.jpg\" alt=\"\" class=\"wp-image-686\" style=\"width:402px;height:auto\" srcset=\"https:\/\/kesikkalem.com\/wp-content\/uploads\/2025\/06\/Kaput-1-791x1024.jpg 791w, https:\/\/kesikkalem.com\/wp-content\/uploads\/2025\/06\/Kaput-1-232x300.jpg 232w, https:\/\/kesikkalem.com\/wp-content\/uploads\/2025\/06\/Kaput-1-768x994.jpg 768w, https:\/\/kesikkalem.com\/wp-content\/uploads\/2025\/06\/Kaput-1-1187x1536.jpg 1187w, https:\/\/kesikkalem.com\/wp-content\/uploads\/2025\/06\/Kaput-1.jpg 1236w\" sizes=\"(max-width: 791px) 100vw, 791px\" \/><\/a><\/figure>\n\n\n\n<figure class=\"wp-block-image size-large is-resized\"><a href=\"https:\/\/kesikkalem.com\/index.php\/2024\/12\/01\/saf-beyaz-ve-olumcul\/\"><img loading=\"lazy\" decoding=\"async\" width=\"668\" height=\"1024\" src=\"https:\/\/kesikkalem.com\/wp-content\/uploads\/2024\/12\/IMG-20240908-WA0007-1-668x1024.jpg\" alt=\"\" class=\"wp-image-676\" style=\"width:364px;height:auto\" srcset=\"https:\/\/kesikkalem.com\/wp-content\/uploads\/2024\/12\/IMG-20240908-WA0007-1-668x1024.jpg 668w, https:\/\/kesikkalem.com\/wp-content\/uploads\/2024\/12\/IMG-20240908-WA0007-1-196x300.jpg 196w, https:\/\/kesikkalem.com\/wp-content\/uploads\/2024\/12\/IMG-20240908-WA0007-1-768x1178.jpg 768w, https:\/\/kesikkalem.com\/wp-content\/uploads\/2024\/12\/IMG-20240908-WA0007-1.jpg 978w\" sizes=\"(max-width: 668px) 100vw, 668px\" \/><\/a><\/figure>\n\n\n\n<figure class=\"wp-block-gallery has-nested-images columns-default is-cropped wp-block-gallery-1 is-layout-flex wp-block-gallery-is-layout-flex\">\n<figure class=\"wp-block-image size-large\"><a href=\"https:\/\/kesikkalem.com\/index.php\/2023\/04\/13\/kadinlarin-kurtulusu-ve-afrika-ozgurluk-mucadelesi\/\"><img loading=\"lazy\" decoding=\"async\" width=\"315\" height=\"497\" data-id=\"385\" src=\"https:\/\/kesikkalem.com\/wp-content\/uploads\/2024\/03\/kadinlarinkurtulus-1.png\" alt=\"\" class=\"wp-image-385\" srcset=\"https:\/\/kesikkalem.com\/wp-content\/uploads\/2024\/03\/kadinlarinkurtulus-1.png 315w, https:\/\/kesikkalem.com\/wp-content\/uploads\/2024\/03\/kadinlarinkurtulus-1-190x300.png 190w\" sizes=\"(max-width: 315px) 100vw, 315px\" \/><\/a><\/figure>\n\n\n\n<figure class=\"wp-block-image size-large\"><a href=\"https:\/\/kesikkalem.com\/index.php\/2024\/01\/31\/kayginizi-yonetin\/\"><img loading=\"lazy\" decoding=\"async\" width=\"381\" height=\"492\" data-id=\"383\" src=\"https:\/\/kesikkalem.com\/wp-content\/uploads\/2024\/03\/kaygi-1.jpg\" alt=\"\" class=\"wp-image-383\" srcset=\"https:\/\/kesikkalem.com\/wp-content\/uploads\/2024\/03\/kaygi-1.jpg 381w, https:\/\/kesikkalem.com\/wp-content\/uploads\/2024\/03\/kaygi-1-232x300.jpg 232w\" sizes=\"(max-width: 381px) 100vw, 381px\" \/><\/a><\/figure>\n\n\n\n<figure class=\"wp-block-image size-large\"><a href=\"https:\/\/kesikkalem.com\/index.php\/2024\/02\/26\/kristof-kolomb-ve-afrikali-holokost\/\"><img loading=\"lazy\" decoding=\"async\" width=\"327\" height=\"476\" data-id=\"384\" src=\"https:\/\/kesikkalem.com\/wp-content\/uploads\/2024\/03\/kolomb-1.jpg\" alt=\"\" class=\"wp-image-384\" srcset=\"https:\/\/kesikkalem.com\/wp-content\/uploads\/2024\/03\/kolomb-1.jpg 327w, https:\/\/kesikkalem.com\/wp-content\/uploads\/2024\/03\/kolomb-1-206x300.jpg 206w\" sizes=\"(max-width: 327px) 100vw, 327px\" \/><\/a><\/figure>\n<\/figure>\n\n\n\n<figure class=\"wp-block-image size-large is-resized\"><a href=\"https:\/\/kesikkalem.com\/index.php\/2024\/06\/02\/neden-isbirligi-yaptilar\/\"><img loading=\"lazy\" decoding=\"async\" width=\"682\" height=\"1024\" src=\"https:\/\/kesikkalem.com\/wp-content\/uploads\/2024\/06\/neden-isbirligi-yaptilar-1-682x1024.jpg\" alt=\"\" class=\"wp-image-645\" style=\"width:368px;height:auto\" srcset=\"https:\/\/kesikkalem.com\/wp-content\/uploads\/2024\/06\/neden-isbirligi-yaptilar-1-682x1024.jpg 682w, https:\/\/kesikkalem.com\/wp-content\/uploads\/2024\/06\/neden-isbirligi-yaptilar-1-200x300.jpg 200w, https:\/\/kesikkalem.com\/wp-content\/uploads\/2024\/06\/neden-isbirligi-yaptilar-1-768x1154.jpg 768w, https:\/\/kesikkalem.com\/wp-content\/uploads\/2024\/06\/neden-isbirligi-yaptilar-1-1022x1536.jpg 1022w, https:\/\/kesikkalem.com\/wp-content\/uploads\/2024\/06\/neden-isbirligi-yaptilar-1.jpg 1065w\" sizes=\"(max-width: 682px) 100vw, 682px\" \/><\/a><\/figure>\n\n\n\n<figure class=\"wp-block-image size-full\"><a href=\"https:\/\/kesikkalem.com\/index.php\/2024\/03\/20\/hipokrasi-doktorlar-yeminlerine-nasil-ihanet-ediyor\/\"><img loading=\"lazy\" decoding=\"async\" width=\"369\" height=\"575\" src=\"https:\/\/kesikkalem.com\/wp-content\/uploads\/2024\/03\/hipokrasi-doktorlar-1.jpg\" alt=\"\" class=\"wp-image-466\" srcset=\"https:\/\/kesikkalem.com\/wp-content\/uploads\/2024\/03\/hipokrasi-doktorlar-1.jpg 369w, https:\/\/kesikkalem.com\/wp-content\/uploads\/2024\/03\/hipokrasi-doktorlar-1-193x300.jpg 193w\" sizes=\"(max-width: 369px) 100vw, 369px\" \/><\/a><\/figure>\n\n\n\n<p><strong>DEVAM EDEN \u00c7EV\u0130R\u0130LER<\/strong><\/p>\n\n\n\n<figure class=\"wp-block-gallery has-nested-images columns-default is-cropped wp-block-gallery-2 is-layout-flex wp-block-gallery-is-layout-flex\">\n<figure class=\"wp-block-image size-large\"><a href=\"https:\/\/kesikkalem.com\/index.php\/2024\/01\/09\/coffee-is-not-forever\/\"><img loading=\"lazy\" decoding=\"async\" width=\"383\" height=\"591\" data-id=\"389\" src=\"https:\/\/kesikkalem.com\/wp-content\/uploads\/2024\/03\/coffenot.jpg\" alt=\"\" class=\"wp-image-389\" srcset=\"https:\/\/kesikkalem.com\/wp-content\/uploads\/2024\/03\/coffenot.jpg 383w, https:\/\/kesikkalem.com\/wp-content\/uploads\/2024\/03\/coffenot-194x300.jpg 194w\" sizes=\"(max-width: 383px) 100vw, 383px\" \/><\/a><\/figure>\n\n\n\n<figure class=\"wp-block-image size-large\"><a href=\"https:\/\/kesikkalem.com\/index.php\/2024\/01\/04\/ceviri-calismalari\/\"><img loading=\"lazy\" decoding=\"async\" width=\"305\" height=\"396\" data-id=\"391\" src=\"https:\/\/kesikkalem.com\/wp-content\/uploads\/2024\/03\/command.jpg\" alt=\"\" class=\"wp-image-391\" srcset=\"https:\/\/kesikkalem.com\/wp-content\/uploads\/2024\/03\/command.jpg 305w, https:\/\/kesikkalem.com\/wp-content\/uploads\/2024\/03\/command-231x300.jpg 231w\" sizes=\"(max-width: 305px) 100vw, 305px\" \/><\/a><\/figure>\n\n\n\n<figure class=\"wp-block-image size-large\"><a href=\"https:\/\/kesikkalem.com\/index.php\/2024\/01\/14\/cosmetics-fashions-and-the-exploitation-of-women\/\"><img loading=\"lazy\" decoding=\"async\" width=\"301\" height=\"466\" data-id=\"390\" src=\"https:\/\/kesikkalem.com\/wp-content\/uploads\/2024\/03\/cosmetic.jpg\" alt=\"\" class=\"wp-image-390\" srcset=\"https:\/\/kesikkalem.com\/wp-content\/uploads\/2024\/03\/cosmetic.jpg 301w, https:\/\/kesikkalem.com\/wp-content\/uploads\/2024\/03\/cosmetic-194x300.jpg 194w\" sizes=\"(max-width: 301px) 100vw, 301px\" \/><\/a><\/figure>\n\n\n\n<figure class=\"wp-block-image size-large\"><a href=\"https:\/\/kesikkalem.com\/index.php\/2024\/03\/01\/hippocrasy-how-doctors-are-betraying-their-oath\/\"><img loading=\"lazy\" decoding=\"async\" width=\"369\" height=\"575\" data-id=\"392\" src=\"https:\/\/kesikkalem.com\/wp-content\/uploads\/2024\/03\/hippocrasy-1.jpg\" alt=\"\" class=\"wp-image-392\" srcset=\"https:\/\/kesikkalem.com\/wp-content\/uploads\/2024\/03\/hippocrasy-1.jpg 369w, https:\/\/kesikkalem.com\/wp-content\/uploads\/2024\/03\/hippocrasy-1-193x300.jpg 193w\" sizes=\"(max-width: 369px) 100vw, 369px\" \/><\/a><\/figure>\n\n\n\n<figure class=\"wp-block-image size-large\"><a href=\"https:\/\/kesikkalem.com\/index.php\/2024\/01\/11\/lumumba-africas-lost-leader\/\"><img loading=\"lazy\" decoding=\"async\" width=\"491\" height=\"635\" data-id=\"394\" src=\"https:\/\/kesikkalem.com\/wp-content\/uploads\/2024\/03\/lumumba-lost.jpeg\" alt=\"\" class=\"wp-image-394\" srcset=\"https:\/\/kesikkalem.com\/wp-content\/uploads\/2024\/03\/lumumba-lost.jpeg 491w, https:\/\/kesikkalem.com\/wp-content\/uploads\/2024\/03\/lumumba-lost-232x300.jpeg 232w\" sizes=\"(max-width: 491px) 100vw, 491px\" \/><\/a><\/figure>\n\n\n\n<figure class=\"wp-block-image size-large\"><a href=\"https:\/\/kesikkalem.com\/index.php\/2024\/01\/10\/technofascism\/\"><img loading=\"lazy\" decoding=\"async\" width=\"388\" height=\"619\" data-id=\"393\" src=\"https:\/\/kesikkalem.com\/wp-content\/uploads\/2024\/03\/techno.jpg\" alt=\"\" class=\"wp-image-393\" srcset=\"https:\/\/kesikkalem.com\/wp-content\/uploads\/2024\/03\/techno.jpg 388w, https:\/\/kesikkalem.com\/wp-content\/uploads\/2024\/03\/techno-188x300.jpg 188w\" sizes=\"(max-width: 388px) 100vw, 388px\" \/><\/a><\/figure>\n<\/figure>\n\n\n\n<figure class=\"wp-block-image size-full is-resized\"><a href=\"https:\/\/kesikkalem.com\/index.php\/2024\/05\/11\/the-origin-of-the-virus\/\"><img loading=\"lazy\" decoding=\"async\" width=\"823\" height=\"823\" src=\"https:\/\/kesikkalem.com\/wp-content\/uploads\/2024\/05\/clinicalpressinventory_11.webp\" alt=\"\" class=\"wp-image-629\" style=\"width:384px;height:auto\" srcset=\"https:\/\/kesikkalem.com\/wp-content\/uploads\/2024\/05\/clinicalpressinventory_11.webp 823w, https:\/\/kesikkalem.com\/wp-content\/uploads\/2024\/05\/clinicalpressinventory_11-300x300.webp 300w, https:\/\/kesikkalem.com\/wp-content\/uploads\/2024\/05\/clinicalpressinventory_11-150x150.webp 150w, https:\/\/kesikkalem.com\/wp-content\/uploads\/2024\/05\/clinicalpressinventory_11-768x768.webp 768w\" sizes=\"(max-width: 823px) 100vw, 823px\" \/><\/a><\/figure>\n\n\n\n<p><strong>Planlanan \u00c7eviriler<\/strong><\/p>\n\n\n\n<p><\/p>\n\n\n\n<figure class=\"wp-block-gallery has-nested-images columns-default is-cropped wp-block-gallery-3 is-layout-flex wp-block-gallery-is-layout-flex\">\n<figure class=\"wp-block-image size-large\"><a href=\"https:\/\/www.goodreads.com\/book\/show\/125083744-how-to-train-a-happy-mind?ref=nav_sb_ss_1_12\" target=\"_blank\" rel=\"noreferrer noopener\"><img loading=\"lazy\" decoding=\"async\" width=\"538\" height=\"807\" data-id=\"444\" src=\"https:\/\/kesikkalem.com\/wp-content\/uploads\/2024\/03\/Scott-Snibbe-1.jpg\" alt=\"\" class=\"wp-image-444\" srcset=\"https:\/\/kesikkalem.com\/wp-content\/uploads\/2024\/03\/Scott-Snibbe-1.jpg 538w, https:\/\/kesikkalem.com\/wp-content\/uploads\/2024\/03\/Scott-Snibbe-1-200x300.jpg 200w\" sizes=\"(max-width: 538px) 100vw, 538px\" \/><\/a><\/figure>\n\n\n\n<figure class=\"wp-block-image size-large\"><a href=\"https:\/\/www.goodreads.com\/book\/show\/3952795-land-of-marvels\" target=\"_blank\" rel=\"noreferrer noopener\"><img loading=\"lazy\" decoding=\"async\" width=\"311\" height=\"450\" data-id=\"443\" src=\"https:\/\/kesikkalem.com\/wp-content\/uploads\/2024\/03\/Land-of-Marvels.jpg\" alt=\"\" class=\"wp-image-443\" srcset=\"https:\/\/kesikkalem.com\/wp-content\/uploads\/2024\/03\/Land-of-Marvels.jpg 311w, https:\/\/kesikkalem.com\/wp-content\/uploads\/2024\/03\/Land-of-Marvels-207x300.jpg 207w\" sizes=\"(max-width: 311px) 100vw, 311px\" \/><\/a><\/figure>\n<\/figure>\n\n\n\n<figure class=\"wp-block-gallery has-nested-images columns-default is-cropped wp-block-gallery-4 is-layout-flex wp-block-gallery-is-layout-flex\">\n<figure class=\"wp-block-image size-large\"><img loading=\"lazy\" decoding=\"async\" width=\"447\" height=\"600\" data-id=\"563\" src=\"https:\/\/kesikkalem.com\/wp-content\/uploads\/2024\/04\/What-Doctors-Dont-Tell-You-March-2024.webp\" alt=\"\" class=\"wp-image-563\" srcset=\"https:\/\/kesikkalem.com\/wp-content\/uploads\/2024\/04\/What-Doctors-Dont-Tell-You-March-2024.webp 447w, https:\/\/kesikkalem.com\/wp-content\/uploads\/2024\/04\/What-Doctors-Dont-Tell-You-March-2024-224x300.webp 224w\" sizes=\"(max-width: 447px) 100vw, 447px\" \/><\/figure>\n\n\n\n<figure class=\"wp-block-image size-large\"><a href=\"https:\/\/kesikkalem.com\/index.php\/2024\/04\/03\/empire-of-pain\/\"><img loading=\"lazy\" decoding=\"async\" width=\"289\" height=\"445\" data-id=\"561\" src=\"https:\/\/kesikkalem.com\/wp-content\/uploads\/2024\/04\/empire-of-pain.jpg\" alt=\"\" class=\"wp-image-561\" srcset=\"https:\/\/kesikkalem.com\/wp-content\/uploads\/2024\/04\/empire-of-pain.jpg 289w, https:\/\/kesikkalem.com\/wp-content\/uploads\/2024\/04\/empire-of-pain-195x300.jpg 195w\" sizes=\"(max-width: 289px) 100vw, 289px\" \/><\/a><\/figure>\n\n\n\n<figure class=\"wp-block-image size-large\"><a href=\"https:\/\/kesikkalem.com\/index.php\/2024\/04\/09\/lies-incorporated-the-world-of-post-truth-politics\/\"><img loading=\"lazy\" decoding=\"async\" width=\"664\" height=\"1024\" data-id=\"562\" src=\"https:\/\/kesikkalem.com\/wp-content\/uploads\/2024\/04\/lies-incorperedt-2-664x1024.jpg\" alt=\"\" class=\"wp-image-562\" srcset=\"https:\/\/kesikkalem.com\/wp-content\/uploads\/2024\/04\/lies-incorperedt-2-664x1024.jpg 664w, https:\/\/kesikkalem.com\/wp-content\/uploads\/2024\/04\/lies-incorperedt-2-195x300.jpg 195w, https:\/\/kesikkalem.com\/wp-content\/uploads\/2024\/04\/lies-incorperedt-2-768x1184.jpg 768w, https:\/\/kesikkalem.com\/wp-content\/uploads\/2024\/04\/lies-incorperedt-2.jpg 973w\" sizes=\"(max-width: 664px) 100vw, 664px\" \/><\/a><\/figure>\n<\/figure>\n\n\n\n<p><\/p>\n\n\n\n<figure class=\"wp-block-gallery has-nested-images columns-default is-cropped wp-block-gallery-5 is-layout-flex wp-block-gallery-is-layout-flex\">\n<figure class=\"wp-block-image size-large\"><a href=\"https:\/\/kesikkalem.com\/index.php\/2024\/05\/03\/588\/\"><img loading=\"lazy\" decoding=\"async\" width=\"678\" height=\"866\" data-id=\"566\" src=\"https:\/\/kesikkalem.com\/wp-content\/uploads\/2024\/04\/covid.jpg\" alt=\"\" class=\"wp-image-566\" srcset=\"https:\/\/kesikkalem.com\/wp-content\/uploads\/2024\/04\/covid.jpg 678w, https:\/\/kesikkalem.com\/wp-content\/uploads\/2024\/04\/covid-235x300.jpg 235w\" sizes=\"(max-width: 678px) 100vw, 678px\" \/><\/a><\/figure>\n\n\n\n<figure class=\"wp-block-image size-large\"><a href=\"https:\/\/www.panmacmillan.com.au\/9781035034512\/\"><img loading=\"lazy\" decoding=\"async\" width=\"675\" height=\"1024\" data-id=\"567\" src=\"https:\/\/kesikkalem.com\/wp-content\/uploads\/2024\/04\/pain-husters-675x1024.jpg\" alt=\"\" class=\"wp-image-567\" srcset=\"https:\/\/kesikkalem.com\/wp-content\/uploads\/2024\/04\/pain-husters-675x1024.jpg 675w, https:\/\/kesikkalem.com\/wp-content\/uploads\/2024\/04\/pain-husters-198x300.jpg 198w, https:\/\/kesikkalem.com\/wp-content\/uploads\/2024\/04\/pain-husters-768x1165.jpg 768w, https:\/\/kesikkalem.com\/wp-content\/uploads\/2024\/04\/pain-husters-1013x1536.jpg 1013w, https:\/\/kesikkalem.com\/wp-content\/uploads\/2024\/04\/pain-husters-1350x2048.jpg 1350w, https:\/\/kesikkalem.com\/wp-content\/uploads\/2024\/04\/pain-husters.jpg 1535w\" sizes=\"(max-width: 675px) 100vw, 675px\" \/><\/a><\/figure>\n<\/figure>\n\n\n\n<figure class=\"wp-block-image size-full\"><a href=\"https:\/\/kesikkalem.com\/index.php\/2024\/05\/13\/metabolical\/\"><img loading=\"lazy\" decoding=\"async\" width=\"619\" height=\"799\" src=\"https:\/\/kesikkalem.com\/wp-content\/uploads\/2024\/05\/Metabolical-1.jpg\" alt=\"\" class=\"wp-image-636\" srcset=\"https:\/\/kesikkalem.com\/wp-content\/uploads\/2024\/05\/Metabolical-1.jpg 619w, https:\/\/kesikkalem.com\/wp-content\/uploads\/2024\/05\/Metabolical-1-232x300.jpg 232w\" sizes=\"(max-width: 619px) 100vw, 619px\" \/><\/a><\/figure>\n\n\n","protected":false},"excerpt":{"rendered":"<p>B\u0130TEN \u00c7EV\u0130R\u0130LER DEVAM EDEN \u00c7EV\u0130R\u0130LER Planlanan \u00c7eviriler<\/p>\n","protected":false},"author":1,"featured_media":0,"parent":0,"menu_order":0,"comment_status":"closed","ping_status":"closed","template":"","meta":{"om_disable_all_campaigns":false,"_monsterinsights_skip_tracking":false,"_monsterinsights_sitenote_active":false,"_monsterinsights_sitenote_note":"","_monsterinsights_sitenote_category":0,"_uf_show_specific_survey":0,"_uf_disable_surveys":false,"neve_meta_sidebar":"","neve_meta_container":"","neve_meta_enable_content_width":"","neve_meta_content_width":0,"neve_meta_title_alignment":"","neve_meta_author_avatar":"","neve_post_elements_order":"","neve_meta_disable_header":"","neve_meta_disable_footer":"","neve_meta_disable_title":"","_ti_tpc_template_sync":false,"_ti_tpc_template_id":"","footnotes":""},"aioseo_notices":[],"_links":{"self":[{"href":"https:\/\/kesikkalem.com\/index.php\/wp-json\/wp\/v2\/pages\/279"}],"collection":[{"href":"https:\/\/kesikkalem.com\/index.php\/wp-json\/wp\/v2\/pages"}],"about":[{"href":"https:\/\/kesikkalem.com\/index.php\/wp-json\/wp\/v2\/types\/page"}],"author":[{"embeddable":true,"href":"https:\/\/kesikkalem.com\/index.php\/wp-json\/wp\/v2\/users\/1"}],"replies":[{"embeddable":true,"href":"https:\/\/kesikkalem.com\/index.php\/wp-json\/wp\/v2\/comments?post=279"}],"version-history":[{"count":37,"href":"https:\/\/kesikkalem.com\/index.php\/wp-json\/wp\/v2\/pages\/279\/revisions"}],"predecessor-version":[{"id":757,"href":"https:\/\/kesikkalem.com\/index.php\/wp-json\/wp\/v2\/pages\/279\/revisions\/757"}],"wp:attachment":[{"href":"https:\/\/kesikkalem.com\/index.php\/wp-json\/wp\/v2\/media?parent=279"}],"curies":[{"name":"wp","href":"https:\/\/api.w.org\/{rel}","templated":true}]}}