{"id":292,"date":"2024-03-17T02:09:53","date_gmt":"2024-03-16T23:09:53","guid":{"rendered":"https:\/\/kesikkalem.com\/?page_id=292"},"modified":"2026-01-02T23:53:13","modified_gmt":"2026-01-02T20:53:13","slug":"cesitli-yazilar","status":"publish","type":"page","link":"https:\/\/kesikkalem.com\/index.php\/cesitli-yazilar\/","title":{"rendered":"\u00c7e\u015fitli Yaz\u0131lar"},"content":{"rendered":"\n<div class=\"wp-block-group\"><div class=\"wp-block-group__inner-container is-layout-constrained wp-block-group-is-layout-constrained\">\n<div class=\"wp-block-columns is-layout-flex wp-container-core-columns-is-layout-1 wp-block-columns-is-layout-flex\">\n<div class=\"wp-block-column is-layout-flow wp-block-column-is-layout-flow\" style=\"flex-basis:33.33%\"><\/div>\n<\/div>\n<\/div><\/div>\n\n\n\n<div class=\"wp-block-columns is-layout-flex wp-container-core-columns-is-layout-2 wp-block-columns-is-layout-flex\">\n<div class=\"wp-block-column is-layout-flow wp-block-column-is-layout-flow\"><\/div>\n\n\n\n<div class=\"wp-block-column is-layout-flow wp-block-column-is-layout-flow\"><\/div>\n<\/div>\n\n\n\n<div class=\"wp-block-columns is-layout-flex wp-container-core-columns-is-layout-3 wp-block-columns-is-layout-flex\">\n<div class=\"wp-block-column is-layout-flow wp-block-column-is-layout-flow\">\n<figure class=\"wp-block-image size-full\"><a href=\"https:\/\/kesikkalem.com\/index.php\/2026\/01\/02\/hikaye-istanbulda-geciyor\/\" target=\"_blank\" rel=\"noreferrer noopener\"><img loading=\"lazy\" decoding=\"async\" width=\"669\" height=\"645\" src=\"https:\/\/kesikkalem.com\/wp-content\/uploads\/2026\/01\/hikaye-ist-geciyor-2.jpg\" alt=\"\" class=\"wp-image-754\" srcset=\"https:\/\/kesikkalem.com\/wp-content\/uploads\/2026\/01\/hikaye-ist-geciyor-2.jpg 669w, https:\/\/kesikkalem.com\/wp-content\/uploads\/2026\/01\/hikaye-ist-geciyor-2-300x289.jpg 300w\" sizes=\"(max-width: 669px) 100vw, 669px\" \/><\/a><\/figure>\n<\/div>\n\n\n\n<div class=\"wp-block-column is-layout-flow wp-block-column-is-layout-flow\"><\/div>\n<\/div>\n","protected":false},"excerpt":{"rendered":"","protected":false},"author":1,"featured_media":0,"parent":0,"menu_order":0,"comment_status":"closed","ping_status":"closed","template":"","meta":{"om_disable_all_campaigns":false,"_monsterinsights_skip_tracking":false,"_monsterinsights_sitenote_active":false,"_monsterinsights_sitenote_note":"","_monsterinsights_sitenote_category":0,"_uf_show_specific_survey":0,"_uf_disable_surveys":false,"neve_meta_sidebar":"","neve_meta_container":"","neve_meta_enable_content_width":"","neve_meta_content_width":0,"neve_meta_title_alignment":"","neve_meta_author_avatar":"","neve_post_elements_order":"","neve_meta_disable_header":"","neve_meta_disable_footer":"","neve_meta_disable_title":"","_ti_tpc_template_sync":false,"_ti_tpc_template_id":"","footnotes":""},"aioseo_notices":[],"_links":{"self":[{"href":"https:\/\/kesikkalem.com\/index.php\/wp-json\/wp\/v2\/pages\/292"}],"collection":[{"href":"https:\/\/kesikkalem.com\/index.php\/wp-json\/wp\/v2\/pages"}],"about":[{"href":"https:\/\/kesikkalem.com\/index.php\/wp-json\/wp\/v2\/types\/page"}],"author":[{"embeddable":true,"href":"https:\/\/kesikkalem.com\/index.php\/wp-json\/wp\/v2\/users\/1"}],"replies":[{"embeddable":true,"href":"https:\/\/kesikkalem.com\/index.php\/wp-json\/wp\/v2\/comments?post=292"}],"version-history":[{"count":6,"href":"https:\/\/kesikkalem.com\/index.php\/wp-json\/wp\/v2\/pages\/292\/revisions"}],"predecessor-version":[{"id":755,"href":"https:\/\/kesikkalem.com\/index.php\/wp-json\/wp\/v2\/pages\/292\/revisions\/755"}],"wp:attachment":[{"href":"https:\/\/kesikkalem.com\/index.php\/wp-json\/wp\/v2\/media?parent=292"}],"curies":[{"name":"wp","href":"https:\/\/api.w.org\/{rel}","templated":true}]}}